{"id":1954,"date":"2026-02-11T16:25:12","date_gmt":"2026-02-11T16:25:12","guid":{"rendered":"https:\/\/sdren.org\/?page_id=1954"},"modified":"2026-03-24T12:09:26","modified_gmt":"2026-03-24T19:09:26","slug":"lien-he-voi-chung-toi","status":"publish","type":"page","link":"https:\/\/sdren.org\/vi\/contact-us\/","title":{"rendered":"Li\u00ean h\u1ec7 v\u1edbi ch\u00fang t\u00f4i"},"content":{"rendered":"\t\t<div data-elementor-type=\"wp-page\" data-elementor-id=\"1954\" class=\"elementor elementor-1954\" data-elementor-post-type=\"page\">\n\t\t\t\t<div data-particle_enable=\"false\" data-particle-mobile-disabled=\"false\" class=\"elementor-element elementor-element-63ac308 e-con-full parent-container e-flex e-con e-parent\" data-id=\"63ac308\" data-element_type=\"container\" data-e-type=\"container\" id=\"contact-us-form\" data-settings=\"{&quot;background_background&quot;:&quot;gradient&quot;,&quot;jet_parallax_layout_list&quot;:[]}\">\n\t\t<div data-particle_enable=\"false\" data-particle-mobile-disabled=\"false\" class=\"elementor-element elementor-element-d898e1d e-con-full e-flex e-con e-child\" data-id=\"d898e1d\" data-element_type=\"container\" data-e-type=\"container\" data-settings=\"{&quot;jet_parallax_layout_list&quot;:[]}\">\n\t\t<div data-particle_enable=\"false\" data-particle-mobile-disabled=\"false\" class=\"elementor-element elementor-element-60f03a3 e-con-full e-flex e-con e-child\" data-id=\"60f03a3\" data-element_type=\"container\" data-e-type=\"container\" data-settings=\"{&quot;background_background&quot;:&quot;classic&quot;,&quot;jet_parallax_layout_list&quot;:[]}\">\n\t\t\t\t<div class=\"elementor-element elementor-element-70f36f7 elementor-button-align-end elementor-widget elementor-widget-form\" data-id=\"70f36f7\" data-element_type=\"widget\" data-e-type=\"widget\" data-settings=\"{&quot;step_next_label&quot;:&quot;Next&quot;,&quot;step_previous_label&quot;:&quot;Previous&quot;,&quot;button_width&quot;:&quot;100&quot;,&quot;step_type&quot;:&quot;number_text&quot;,&quot;step_icon_shape&quot;:&quot;circle&quot;}\" data-widget_type=\"form.default\">\n\t\t\t\t\t\t\t<form class=\"elementor-form\" method=\"post\" name=\"Contact Form\" aria-label=\"Contact Form\">\n\t\t\t<input type=\"hidden\" name=\"post_id\" value=\"1954\"\/>\n\t\t\t<input type=\"hidden\" name=\"form_id\" value=\"70f36f7\"\/>\n\t\t\t<input type=\"hidden\" name=\"referer_title\" value=\"Contact Us - San Diego REN Contact Us | San Diego Regional Energy Network (SDREN)\" \/>\n\n\t\t\t\t\t\t\t<input type=\"hidden\" name=\"queried_id\" value=\"1954\"\/>\n\t\t\t\n\t\t\t<div class=\"elementor-form-fields-wrapper elementor-labels-above\">\n\t\t\t\t\t\t\t\t<div class=\"elementor-field-type-text elementor-field-group elementor-column elementor-field-group-name elementor-col-50 elementor-field-required elementor-mark-required\">\n\t\t\t\t\t\t\t\t\t\t\t\t<label for=\"form-field-name\" class=\"elementor-field-label\">\n\t\t\t\t\t\t\t\tFirst Name\t\t\t\t\t\t\t<\/label>\n\t\t\t\t\t\t\t\t\t\t\t\t\t\t<input size=\"1\" type=\"text\" name=\"form_fields[name]\" id=\"form-field-name\" class=\"elementor-field elementor-size-sm  elementor-field-textual\" placeholder=\"First Name\" required=\"required\">\n\t\t\t\t\t\t\t\t\t\t\t<\/div>\n\t\t\t\t\t\t\t\t<div class=\"elementor-field-type-text elementor-field-group elementor-column elementor-field-group-field_3fb85cc elementor-col-50 elementor-field-required elementor-mark-required\">\n\t\t\t\t\t\t\t\t\t\t\t\t<label for=\"form-field-field_3fb85cc\" class=\"elementor-field-label\">\n\t\t\t\t\t\t\t\tLast Name\t\t\t\t\t\t\t<\/label>\n\t\t\t\t\t\t\t\t\t\t\t\t\t\t<input size=\"1\" type=\"text\" name=\"form_fields[field_3fb85cc]\" id=\"form-field-field_3fb85cc\" class=\"elementor-field elementor-size-sm  elementor-field-textual\" placeholder=\"Last Name\" required=\"required\">\n\t\t\t\t\t\t\t\t\t\t\t<\/div>\n\t\t\t\t\t\t\t\t<div class=\"elementor-field-type-email elementor-field-group elementor-column elementor-field-group-email elementor-col-50 elementor-field-required elementor-mark-required\">\n\t\t\t\t\t\t\t\t\t\t\t\t<label for=\"form-field-email\" class=\"elementor-field-label\">\n\t\t\t\t\t\t\t\tEmail Address\t\t\t\t\t\t\t<\/label>\n\t\t\t\t\t\t\t\t\t\t\t\t\t\t<input size=\"1\" type=\"email\" name=\"form_fields[email]\" id=\"form-field-email\" class=\"elementor-field elementor-size-sm  elementor-field-textual\" placeholder=\"email@address.com\" required=\"required\">\n\t\t\t\t\t\t\t\t\t\t\t<\/div>\n\t\t\t\t\t\t\t\t<div class=\"elementor-field-type-text elementor-field-group elementor-column elementor-field-group-field_61ff34e elementor-col-50\">\n\t\t\t\t\t\t\t\t\t\t\t\t<label for=\"form-field-field_61ff34e\" class=\"elementor-field-label\">\n\t\t\t\t\t\t\t\tOrganization\t\t\t\t\t\t\t<\/label>\n\t\t\t\t\t\t\t\t\t\t\t\t\t\t<input size=\"1\" type=\"text\" name=\"form_fields[field_61ff34e]\" id=\"form-field-field_61ff34e\" class=\"elementor-field elementor-size-sm  elementor-field-textual\" placeholder=\"My Organization\">\n\t\t\t\t\t\t\t\t\t\t\t<\/div>\n\t\t\t\t\t\t\t\t<div class=\"elementor-field-type-text elementor-field-group elementor-column elementor-field-group-field_84621ce elementor-col-100 elementor-field-required elementor-mark-required\">\n\t\t\t\t\t\t\t\t\t\t\t\t<label for=\"form-field-field_84621ce\" class=\"elementor-field-label\">\n\t\t\t\t\t\t\t\tSubject\t\t\t\t\t\t\t<\/label>\n\t\t\t\t\t\t\t\t\t\t\t\t\t\t<input size=\"1\" type=\"text\" name=\"form_fields[field_84621ce]\" id=\"form-field-field_84621ce\" class=\"elementor-field elementor-size-sm  elementor-field-textual\" placeholder=\"Subject\" required=\"required\">\n\t\t\t\t\t\t\t\t\t\t\t<\/div>\n\t\t\t\t\t\t\t\t<div class=\"elementor-field-type-textarea elementor-field-group elementor-column elementor-field-group-message elementor-col-100 elementor-field-required elementor-mark-required\">\n\t\t\t\t\t\t\t\t\t\t\t\t<label for=\"form-field-message\" class=\"elementor-field-label\">\n\t\t\t\t\t\t\t\tMessage\t\t\t\t\t\t\t<\/label>\n\t\t\t\t\t\t<textarea class=\"elementor-field-textual elementor-field  elementor-size-sm\" name=\"form_fields[message]\" id=\"form-field-message\" rows=\"4\" placeholder=\"Message\" required=\"required\"><\/textarea>\t\t\t\t<\/div>\n\t\t\t\t\t\t\t\t<div class=\"elementor-field-group elementor-column elementor-field-type-submit elementor-col-100 e-form__buttons\">\n\t\t\t\t\t<button class=\"elementor-button elementor-size-sm\" type=\"submit\">\n\t\t\t\t\t\t<span class=\"elementor-button-content-wrapper\">\n\t\t\t\t\t\t\t\t\t\t\t\t\t\t\t\t\t\t\t\t\t\t<span class=\"elementor-button-text\">Submit<\/span>\n\t\t\t\t\t\t\t\t\t\t\t\t\t<\/span>\n\t\t\t\t\t<\/button>\n\t\t\t\t<\/div>\n\t\t\t<\/div>\n\t\t<\/form>\n\t\t\t\t\t\t<\/div>\n\t\t\t\t<\/div>\n\t\t\t\t<\/div>\n\t\t<div data-particle_enable=\"false\" data-particle-mobile-disabled=\"false\" class=\"elementor-element elementor-element-247f9be e-con-full elementor-hidden-tablet elementor-hidden-mobile_extra elementor-hidden-mobile e-flex e-con e-child\" data-id=\"247f9be\" data-element_type=\"container\" data-e-type=\"container\" data-settings=\"{&quot;background_background&quot;:&quot;classic&quot;,&quot;jet_parallax_layout_list&quot;:[]}\">\n\t\t\t\t<\/div>\n\t\t\t\t<\/div>\n\t\t<div data-particle_enable=\"false\" data-particle-mobile-disabled=\"false\" class=\"elementor-element elementor-element-6919bcf e-con-full elementor-hidden-widescreen elementor-hidden-desktop elementor-hidden-laptop elementor-hidden-tablet_extra elementor-hidden-tablet elementor-hidden-mobile_extra elementor-hidden-mobile e-flex e-con e-parent\" data-id=\"6919bcf\" data-element_type=\"container\" data-e-type=\"container\" data-settings=\"{&quot;background_background&quot;:&quot;classic&quot;,&quot;jet_parallax_layout_list&quot;:[]}\">\n\t\t<div data-particle_enable=\"false\" data-particle-mobile-disabled=\"false\" class=\"elementor-element elementor-element-baa3142 e-con-full parent-container e-flex e-con e-child\" data-id=\"baa3142\" data-element_type=\"container\" data-e-type=\"container\" data-settings=\"{&quot;background_background&quot;:&quot;classic&quot;,&quot;jet_parallax_layout_list&quot;:[]}\">\n\t\t<div data-particle_enable=\"false\" data-particle-mobile-disabled=\"false\" class=\"elementor-element elementor-element-e647348 e-con-full elementor-hidden-tablet elementor-hidden-mobile_extra elementor-hidden-mobile e-flex e-con e-child\" data-id=\"e647348\" data-element_type=\"container\" data-e-type=\"container\" data-settings=\"{&quot;background_background&quot;:&quot;classic&quot;,&quot;jet_parallax_layout_list&quot;:[]}\">\n\t\t\t\t<\/div>\n\t\t<div data-particle_enable=\"false\" data-particle-mobile-disabled=\"false\" class=\"elementor-element elementor-element-6c5b99e e-con-full e-flex e-con e-child\" data-id=\"6c5b99e\" data-element_type=\"container\" data-e-type=\"container\" data-settings=\"{&quot;jet_parallax_layout_list&quot;:[]}\">\n\t\t<div data-particle_enable=\"false\" data-particle-mobile-disabled=\"false\" class=\"elementor-element elementor-element-0897b45 e-con-full e-flex e-con e-child\" data-id=\"0897b45\" data-element_type=\"container\" data-e-type=\"container\" data-settings=\"{&quot;jet_parallax_layout_list&quot;:[]}\">\n\t\t\t\t<div class=\"elementor-element elementor-element-15cb261 elementor-widget elementor-widget-heading\" data-id=\"15cb261\" data-element_type=\"widget\" data-e-type=\"widget\" data-widget_type=\"heading.default\">\n\t\t\t\t\t<h2 class=\"elementor-heading-title elementor-size-default\">Stay Connected<\/h2>\t\t\t\t<\/div>\n\t\t\t\t<div class=\"elementor-element elementor-element-2abaa76 elementor-widget elementor-widget-text-editor\" data-id=\"2abaa76\" data-element_type=\"widget\" data-e-type=\"widget\" data-widget_type=\"text-editor.default\">\n\t\t\t\t\t\t\t\t\t<p>Sign up to get the newsletter sent directly to your inbox.<\/p>\t\t\t\t\t\t\t\t<\/div>\n\t\t\t\t<\/div>\n\t\t<div data-particle_enable=\"false\" data-particle-mobile-disabled=\"false\" class=\"elementor-element elementor-element-b1bf1db e-con-full e-flex e-con e-child\" data-id=\"b1bf1db\" data-element_type=\"container\" data-e-type=\"container\" data-settings=\"{&quot;jet_parallax_layout_list&quot;:[]}\">\n\t\t\t\t<div class=\"elementor-element elementor-element-7f935e3 elementor-widget__width-inherit elementor-mobile_extra-button-align-stretch elementor-widget-mobile_extra__width-inherit elementor-hidden-widescreen elementor-hidden-desktop elementor-hidden-laptop elementor-hidden-tablet_extra elementor-hidden-tablet elementor-hidden-mobile_extra elementor-hidden-mobile elementor-button-align-stretch elementor-widget elementor-widget-form\" data-id=\"7f935e3\" data-element_type=\"widget\" data-e-type=\"widget\" data-settings=\"{&quot;step_next_label&quot;:&quot;Next&quot;,&quot;step_previous_label&quot;:&quot;Previous&quot;,&quot;button_width&quot;:&quot;30&quot;,&quot;button_width_mobile&quot;:&quot;20&quot;,&quot;button_width_mobile_extra&quot;:&quot;100&quot;,&quot;step_type&quot;:&quot;number_text&quot;,&quot;step_icon_shape&quot;:&quot;circle&quot;}\" data-widget_type=\"form.default\">\n\t\t\t\t\t\t\t<form class=\"elementor-form\" method=\"post\" name=\"Newsletter Sign up\" aria-label=\"Newsletter Sign up\">\n\t\t\t<input type=\"hidden\" name=\"post_id\" value=\"1954\"\/>\n\t\t\t<input type=\"hidden\" name=\"form_id\" value=\"7f935e3\"\/>\n\t\t\t<input type=\"hidden\" name=\"referer_title\" value=\"Contact Us - San Diego REN Contact Us | San Diego Regional Energy Network (SDREN)\" \/>\n\n\t\t\t\t\t\t\t<input type=\"hidden\" name=\"queried_id\" value=\"1954\"\/>\n\t\t\t\n\t\t\t<div class=\"elementor-form-fields-wrapper elementor-labels-\">\n\t\t\t\t\t\t\t\t<div class=\"elementor-field-type-email elementor-field-group elementor-column elementor-field-group-signup_email_address elementor-col-50 elementor-sm-80 elementor-field-required\">\n\t\t\t\t\t\t\t\t\t\t\t\t<label for=\"form-field-signup_email_address\" class=\"elementor-field-label elementor-screen-only\">\n\t\t\t\t\t\t\t\tEmail\t\t\t\t\t\t\t<\/label>\n\t\t\t\t\t\t\t\t\t\t\t\t\t\t<input size=\"1\" type=\"email\" name=\"form_fields[signup_email_address]\" id=\"form-field-signup_email_address\" class=\"elementor-field elementor-size-sm  elementor-field-textual\" placeholder=\"Email\" required=\"required\">\n\t\t\t\t\t\t\t\t\t\t\t<\/div>\n\t\t\t\t\t\t\t\t<div class=\"elementor-field-group elementor-column elementor-field-type-submit elementor-col-30 e-form__buttons elementor-sm-20\">\n\t\t\t\t\t<button class=\"elementor-button elementor-size-sm\" type=\"submit\" id=\"news-submit\">\n\t\t\t\t\t\t<span class=\"elementor-button-content-wrapper\">\n\t\t\t\t\t\t\t\t\t\t\t\t\t\t\t\t\t\t\t\t\t\t<span class=\"elementor-button-text\">Submit<\/span>\n\t\t\t\t\t\t\t\t\t\t\t\t\t<\/span>\n\t\t\t\t\t<\/button>\n\t\t\t\t<\/div>\n\t\t\t<\/div>\n\t\t<\/form>\n\t\t\t\t\t\t<\/div>\n\t\t\t\t<div class=\"elementor-element elementor-element-1bff50f elementor-widget elementor-widget-button\" data-id=\"1bff50f\" data-element_type=\"widget\" data-e-type=\"widget\" data-widget_type=\"button.default\">\n\t\t\t\t\t\t\t\t\t\t<a class=\"elementor-button elementor-button-link elementor-size-sm\" href=\"#elementor-action%3Aaction%3Dpopup%3Aopen%26settings%3DeyJpZCI6IjI3NTMiLCJ0b2dnbGUiOmZhbHNlfQ%3D%3D\">\n\t\t\t\t\t\t<span class=\"elementor-button-content-wrapper\">\n\t\t\t\t\t\t\t\t\t<span class=\"elementor-button-text\">Sign Up<\/span>\n\t\t\t\t\t<\/span>\n\t\t\t\t\t<\/a>\n\t\t\t\t\t\t\t\t<\/div>\n\t\t\t\t<\/div>\n\t\t\t\t<\/div>\n\t\t\t\t<\/div>\n\t\t\t\t<\/div>\n\t\t\t\t<\/div>\n\t\t","protected":false},"excerpt":{"rendered":"<p>Lu\u00f4n c\u1eadp nh\u1eadt th\u00f4ng tin \u0110\u0103ng k\u00fd \u0111\u1ec3 nh\u1eadn b\u1ea3n tin tr\u1ef1c ti\u1ebfp v\u00e0o h\u1ed9p th\u01b0 \u0111\u1ebfn c\u1ee7a b\u1ea1n. \u0110\u0103ng k\u00fd<\/p>","protected":false},"author":1,"featured_media":3526,"parent":0,"menu_order":0,"comment_status":"closed","ping_status":"closed","template":"","meta":{"_searchwp_excluded":"","footnotes":""},"class_list":["post-1954","page","type-page","status-publish","has-post-thumbnail","hentry"],"yoast_head":"<!-- This site is optimized with the Yoast SEO Premium plugin v27.2 (Yoast SEO v27.2) - https:\/\/yoast.com\/product\/yoast-seo-premium-wordpress\/ -->\n<title>Contact Us - San Diego REN Contact Us | San Diego Regional Energy Network (SDREN)<\/title>\n<meta name=\"description\" content=\"Have questions about SDREN&#039;s energy efficiency programs? Get in touch with the San Diego Regional Energy Network team \u2014 we&#039;re here to help.\" \/>\n<meta name=\"robots\" content=\"index, follow, max-snippet:-1, max-image-preview:large, max-video-preview:-1\" \/>\n<link rel=\"canonical\" href=\"https:\/\/sdren.org\/vi\/lien-he-voi-chung-toi\/\" \/>\n<meta property=\"og:locale\" content=\"vi_VN\" \/>\n<meta property=\"og:type\" content=\"article\" \/>\n<meta property=\"og:title\" content=\"Contact Us\" \/>\n<meta property=\"og:description\" content=\"Have questions about SDREN&#039;s energy efficiency programs? Get in touch with the San Diego Regional Energy Network team \u2014 we&#039;re here to help.\" \/>\n<meta property=\"og:url\" content=\"https:\/\/sdren.org\/vi\/lien-he-voi-chung-toi\/\" \/>\n<meta property=\"og:site_name\" content=\"San Diego REN\" \/>\n<meta property=\"article:modified_time\" content=\"2026-03-24T19:09:26+00:00\" \/>\n<meta property=\"og:image\" content=\"https:\/\/sdren.org\/wp-content\/uploads\/2026\/02\/SDREN_residential-family-kitchen_484686455_web.jpg\" \/>\n\t<meta property=\"og:image:width\" content=\"1900\" \/>\n\t<meta property=\"og:image:height\" content=\"882\" \/>\n\t<meta property=\"og:image:type\" content=\"image\/jpeg\" \/>\n<meta name=\"twitter:card\" content=\"summary_large_image\" \/>\n<meta name=\"twitter:label1\" content=\"\u01af\u1edbc t\u00ednh th\u1eddi gian \u0111\u1ecdc\" \/>\n\t<meta name=\"twitter:data1\" content=\"1 ph\u00fat\" \/>\n<script type=\"application\/ld+json\" class=\"yoast-schema-graph\">{\"@context\":\"https:\/\/schema.org\",\"@graph\":[{\"@type\":\"WebPage\",\"@id\":\"https:\/\/sdren.org\/contact-us\/\",\"url\":\"https:\/\/sdren.org\/contact-us\/\",\"name\":\"Contact Us - San Diego REN Contact Us | San Diego Regional Energy Network (SDREN)\",\"isPartOf\":{\"@id\":\"https:\/\/sdren.org\/#website\"},\"primaryImageOfPage\":{\"@id\":\"https:\/\/sdren.org\/contact-us\/#primaryimage\"},\"image\":{\"@id\":\"https:\/\/sdren.org\/contact-us\/#primaryimage\"},\"thumbnailUrl\":\"https:\/\/sdren.org\/wp-content\/uploads\/2026\/02\/SDREN_residential-family-kitchen_484686455_web.jpg\",\"datePublished\":\"2026-02-11T16:25:12+00:00\",\"dateModified\":\"2026-03-24T19:09:26+00:00\",\"description\":\"Have questions about SDREN's energy efficiency programs? Get in touch with the San Diego Regional Energy Network team \u2014 we're here to help.\",\"breadcrumb\":{\"@id\":\"https:\/\/sdren.org\/contact-us\/#breadcrumb\"},\"inLanguage\":\"vi\",\"potentialAction\":[{\"@type\":\"ReadAction\",\"target\":[\"https:\/\/sdren.org\/contact-us\/\"]}]},{\"@type\":\"ImageObject\",\"inLanguage\":\"vi\",\"@id\":\"https:\/\/sdren.org\/contact-us\/#primaryimage\",\"url\":\"https:\/\/sdren.org\/wp-content\/uploads\/2026\/02\/SDREN_residential-family-kitchen_484686455_web.jpg\",\"contentUrl\":\"https:\/\/sdren.org\/wp-content\/uploads\/2026\/02\/SDREN_residential-family-kitchen_484686455_web.jpg\",\"width\":1900,\"height\":882,\"caption\":\"A joyful family in a sunlit kitchen; a woman cooks while a man feeds a young child. The cozy space features wooden furniture and large windows.\"},{\"@type\":\"BreadcrumbList\",\"@id\":\"https:\/\/sdren.org\/contact-us\/#breadcrumb\",\"itemListElement\":[{\"@type\":\"ListItem\",\"position\":1,\"name\":\"Home\",\"item\":\"https:\/\/sdren.org\/\"},{\"@type\":\"ListItem\",\"position\":2,\"name\":\"Contact Us\"}]},{\"@type\":\"WebSite\",\"@id\":\"https:\/\/sdren.org\/#website\",\"url\":\"https:\/\/sdren.org\/\",\"name\":\"San Diego REN\",\"description\":\"\",\"publisher\":{\"@id\":\"https:\/\/sdren.org\/#organization\"},\"potentialAction\":[{\"@type\":\"SearchAction\",\"target\":{\"@type\":\"EntryPoint\",\"urlTemplate\":\"https:\/\/sdren.org\/?s={search_term_string}\"},\"query-input\":{\"@type\":\"PropertyValueSpecification\",\"valueRequired\":true,\"valueName\":\"search_term_string\"}}],\"inLanguage\":\"vi\"},{\"@type\":\"Organization\",\"@id\":\"https:\/\/sdren.org\/#organization\",\"name\":\"San Diego REN\",\"url\":\"https:\/\/sdren.org\/\",\"logo\":{\"@type\":\"ImageObject\",\"inLanguage\":\"vi\",\"@id\":\"https:\/\/sdren.org\/#\/schema\/logo\/image\/\",\"url\":\"https:\/\/sdren.org\/wp-content\/uploads\/2025\/12\/SDREN_LOGO_Color_WEB_053025.png\",\"contentUrl\":\"https:\/\/sdren.org\/wp-content\/uploads\/2025\/12\/SDREN_LOGO_Color_WEB_053025.png\",\"width\":1200,\"height\":255,\"caption\":\"San Diego REN\"},\"image\":{\"@id\":\"https:\/\/sdren.org\/#\/schema\/logo\/image\/\"}}]}<\/script>\n<!-- \/ Yoast SEO Premium plugin. -->","yoast_head_json":{"title":"Li\u00ean h\u1ec7 v\u1edbi ch\u00fang t\u00f4i - San Diego REN Li\u00ean h\u1ec7 v\u1edbi ch\u00fang t\u00f4i | San Diego Regional Energy Network (SDREN)","description":"B\u1ea1n c\u00f3 th\u1eafc m\u1eafc v\u1ec1 c\u00e1c ch\u01b0\u01a1ng tr\u00ecnh ti\u1ebft ki\u1ec7m n\u0103ng l\u01b0\u1ee3ng c\u1ee7a SDREN? H\u00e3y li\u00ean h\u1ec7 v\u1edbi \u0111\u1ed9i ng\u0169 San Diego Regional Energy Network \u2014 ch\u00fang t\u00f4i lu\u00f4n s\u1eb5n s\u00e0ng h\u1ed7 tr\u1ee3 b\u1ea1n.","robots":{"index":"index","follow":"follow","max-snippet":"max-snippet:-1","max-image-preview":"max-image-preview:large","max-video-preview":"max-video-preview:-1"},"canonical":"https:\/\/sdren.org\/vi\/lien-he-voi-chung-toi\/","og_locale":"vi_VN","og_type":"article","og_title":"Contact Us","og_description":"Have questions about SDREN's energy efficiency programs? Get in touch with the San Diego Regional Energy Network team \u2014 we're here to help.","og_url":"https:\/\/sdren.org\/vi\/lien-he-voi-chung-toi\/","og_site_name":"San Diego REN","article_modified_time":"2026-03-24T19:09:26+00:00","og_image":[{"width":1900,"height":882,"url":"https:\/\/sdren.org\/wp-content\/uploads\/2026\/02\/SDREN_residential-family-kitchen_484686455_web.jpg","type":"image\/jpeg"}],"twitter_card":"summary_large_image","twitter_misc":{"\u01af\u1edbc t\u00ednh th\u1eddi gian \u0111\u1ecdc":"1 ph\u00fat"},"schema":{"@context":"https:\/\/schema.org","@graph":[{"@type":"WebPage","@id":"https:\/\/sdren.org\/contact-us\/","url":"https:\/\/sdren.org\/contact-us\/","name":"Li\u00ean h\u1ec7 v\u1edbi ch\u00fang t\u00f4i - San Diego REN Li\u00ean h\u1ec7 v\u1edbi ch\u00fang t\u00f4i | San Diego Regional Energy Network (SDREN)","isPartOf":{"@id":"https:\/\/sdren.org\/#website"},"primaryImageOfPage":{"@id":"https:\/\/sdren.org\/contact-us\/#primaryimage"},"image":{"@id":"https:\/\/sdren.org\/contact-us\/#primaryimage"},"thumbnailUrl":"https:\/\/sdren.org\/wp-content\/uploads\/2026\/02\/SDREN_residential-family-kitchen_484686455_web.jpg","datePublished":"2026-02-11T16:25:12+00:00","dateModified":"2026-03-24T19:09:26+00:00","description":"B\u1ea1n c\u00f3 th\u1eafc m\u1eafc v\u1ec1 c\u00e1c ch\u01b0\u01a1ng tr\u00ecnh ti\u1ebft ki\u1ec7m n\u0103ng l\u01b0\u1ee3ng c\u1ee7a SDREN? H\u00e3y li\u00ean h\u1ec7 v\u1edbi \u0111\u1ed9i ng\u0169 San Diego Regional Energy Network \u2014 ch\u00fang t\u00f4i lu\u00f4n s\u1eb5n s\u00e0ng h\u1ed7 tr\u1ee3 b\u1ea1n.","breadcrumb":{"@id":"https:\/\/sdren.org\/contact-us\/#breadcrumb"},"inLanguage":"vi","potentialAction":[{"@type":"ReadAction","target":["https:\/\/sdren.org\/contact-us\/"]}]},{"@type":"ImageObject","inLanguage":"vi","@id":"https:\/\/sdren.org\/contact-us\/#primaryimage","url":"https:\/\/sdren.org\/wp-content\/uploads\/2026\/02\/SDREN_residential-family-kitchen_484686455_web.jpg","contentUrl":"https:\/\/sdren.org\/wp-content\/uploads\/2026\/02\/SDREN_residential-family-kitchen_484686455_web.jpg","width":1900,"height":882,"caption":"A joyful family in a sunlit kitchen; a woman cooks while a man feeds a young child. The cozy space features wooden furniture and large windows."},{"@type":"BreadcrumbList","@id":"https:\/\/sdren.org\/contact-us\/#breadcrumb","itemListElement":[{"@type":"ListItem","position":1,"name":"Home","item":"https:\/\/sdren.org\/"},{"@type":"ListItem","position":2,"name":"Contact Us"}]},{"@type":"WebSite","@id":"https:\/\/sdren.org\/#website","url":"https:\/\/sdren.org\/","name":"San Diego REN","description":"","publisher":{"@id":"https:\/\/sdren.org\/#organization"},"potentialAction":[{"@type":"SearchAction","target":{"@type":"EntryPoint","urlTemplate":"https:\/\/sdren.org\/?s={search_term_string}"},"query-input":{"@type":"PropertyValueSpecification","valueRequired":true,"valueName":"search_term_string"}}],"inLanguage":"vi"},{"@type":"Organization","@id":"https:\/\/sdren.org\/#organization","name":"San Diego REN","url":"https:\/\/sdren.org\/","logo":{"@type":"ImageObject","inLanguage":"vi","@id":"https:\/\/sdren.org\/#\/schema\/logo\/image\/","url":"https:\/\/sdren.org\/wp-content\/uploads\/2025\/12\/SDREN_LOGO_Color_WEB_053025.png","contentUrl":"https:\/\/sdren.org\/wp-content\/uploads\/2025\/12\/SDREN_LOGO_Color_WEB_053025.png","width":1200,"height":255,"caption":"San Diego REN"},"image":{"@id":"https:\/\/sdren.org\/#\/schema\/logo\/image\/"}}]}},"_links":{"self":[{"href":"https:\/\/sdren.org\/vi\/wp-json\/wp\/v2\/pages\/1954","targetHints":{"allow":["GET"]}}],"collection":[{"href":"https:\/\/sdren.org\/vi\/wp-json\/wp\/v2\/pages"}],"about":[{"href":"https:\/\/sdren.org\/vi\/wp-json\/wp\/v2\/types\/page"}],"author":[{"embeddable":true,"href":"https:\/\/sdren.org\/vi\/wp-json\/wp\/v2\/users\/1"}],"replies":[{"embeddable":true,"href":"https:\/\/sdren.org\/vi\/wp-json\/wp\/v2\/comments?post=1954"}],"version-history":[{"count":242,"href":"https:\/\/sdren.org\/vi\/wp-json\/wp\/v2\/pages\/1954\/revisions"}],"predecessor-version":[{"id":4050,"href":"https:\/\/sdren.org\/vi\/wp-json\/wp\/v2\/pages\/1954\/revisions\/4050"}],"wp:featuredmedia":[{"embeddable":true,"href":"https:\/\/sdren.org\/vi\/wp-json\/wp\/v2\/media\/3526"}],"wp:attachment":[{"href":"https:\/\/sdren.org\/vi\/wp-json\/wp\/v2\/media?parent=1954"}],"curies":[{"name":"wp","href":"https:\/\/api.w.org\/{rel}","templated":true}]}}